{"id":333,"date":"2024-04-14T21:51:27","date_gmt":"2024-04-14T19:51:27","guid":{"rendered":"https:\/\/podaytalasierraverde.cl\/?page_id=333"},"modified":"2024-04-14T22:05:46","modified_gmt":"2024-04-14T20:05:46","slug":"terminos-y-condiciones","status":"publish","type":"page","link":"https:\/\/podaytalasierraverde.cl\/?page_id=333","title":{"rendered":"T\u00e9rminos y condiciones"},"content":{"rendered":"\t\t<div data-elementor-type=\"wp-page\" data-elementor-id=\"333\" class=\"elementor elementor-333\" data-elementor-post-type=\"page\">\n\t\t\t\t<div class=\"elementor-element elementor-element-5e7470f0 e-flex e-con-boxed e-con e-parent\" data-id=\"5e7470f0\" data-element_type=\"container\" data-e-type=\"container\">\n\t\t\t\t\t<div class=\"e-con-inner\">\n\t\t\t\t<div class=\"elementor-element elementor-element-7916ff9a elementor-widget elementor-widget-text-editor\" data-id=\"7916ff9a\" data-element_type=\"widget\" data-e-type=\"widget\" data-widget_type=\"text-editor.default\">\n\t\t\t\t<div class=\"elementor-widget-container\">\n\t\t\t\t\t\t\t\t\t<p><\/p>\n<p><strong>Uso del Sitio:<\/strong> Al acceder y utilizar nuestro sitio web, usted acepta cumplir con estos t\u00e9rminos y condiciones de uso. Si no est\u00e1 de acuerdo con alguno de estos t\u00e9rminos, no utilice nuestro Sitio.<\/p>\n<p><\/p>\n<p><\/p>\n<p><strong>Propiedad Intelectual:<\/strong> El contenido de este Sitio, incluidos los textos, gr\u00e1ficos, logotipos y fotograf\u00edas, est\u00e1 protegido por derechos de autor y otros derechos de propiedad intelectual. No puede utilizar, copiar o distribuir ning\u00fan contenido de este Sitio sin nuestro consentimiento previo por escrito.<\/p>\n<p><\/p>\n<p><\/p>\n<p><strong>Responsabilidad:<\/strong> Nos esforzamos por garantizar que la informaci\u00f3n proporcionada en nuestro Sitio sea precisa y actualizada. Sin embargo, no garantizamos la exactitud, integridad o idoneidad de la informaci\u00f3n. Usted utiliza el Sitio bajo su propio riesgo.<\/p>\n<p><\/p>\n<p><\/p>\n<p><strong>Limitaci\u00f3n de Responsabilidad:<\/strong> En ning\u00fan caso seremos responsables ante usted o cualquier otra persona por da\u00f1os directos, indirectos, especiales o consecuentes que surjan del uso de nuestro Sitio.<\/p>\n<p><\/p>\n<p><\/p>\n<p><strong>Ley Aplicable:<\/strong> Estos t\u00e9rminos y condiciones se regir\u00e1n e interpretar\u00e1n de acuerdo con las leyes de Chile. Cualquier disputa que surja en relaci\u00f3n con estos t\u00e9rminos y condiciones estar\u00e1 sujeta a la jurisdicci\u00f3n exclusiva de los tribunales de Chile.<\/p>\n<p><\/p>\n<p><\/p>\n<p>Estos son solo ejemplos b\u00e1sicos y gen\u00e9ricos. Te recomendar\u00eda revisarlos y personalizarlos seg\u00fan las leyes y regulaciones locales, as\u00ed como seg\u00fan las pol\u00edticas espec\u00edficas de tu negocio y las necesidades de tu sitio web. Adem\u00e1s, consulta con un asesor legal para obtener asesoramiento espec\u00edfico sobre las pol\u00edticas de privacidad y los t\u00e9rminos y condiciones de tu sitio web.<\/p>\n<p><\/p>\t\t\t\t\t\t\t\t<\/div>\n\t\t\t\t<\/div>\n\t\t\t\t\t<\/div>\n\t\t\t\t<\/div>\n\t\t\t\t<\/div>\n\t\t","protected":false},"excerpt":{"rendered":"<p>Uso del Sitio: Al acceder y utilizar nuestro sitio web, usted acepta cumplir con estos t\u00e9rminos y condiciones de uso. [&hellip;]<\/p>\n","protected":false},"author":2,"featured_media":0,"parent":0,"menu_order":0,"comment_status":"closed","ping_status":"closed","template":"","meta":{"site-sidebar-layout":"default","site-content-layout":"","ast-site-content-layout":"default","site-content-style":"default","site-sidebar-style":"default","ast-global-header-display":"","ast-banner-title-visibility":"","ast-main-header-display":"","ast-hfb-above-header-display":"","ast-hfb-below-header-display":"","ast-hfb-mobile-header-display":"","site-post-title":"","ast-breadcrumbs-content":"","ast-featured-img":"","footer-sml-layout":"","ast-disable-related-posts":"","theme-transparent-header-meta":"","adv-header-id-meta":"","stick-header-meta":"","header-above-stick-meta":"","header-main-stick-meta":"","header-below-stick-meta":"","astra-migrate-meta-layouts":"default","ast-page-background-enabled":"default","ast-page-background-meta":{"desktop":{"background-color":"var(--ast-global-color-4)","background-image":"","background-repeat":"repeat","background-position":"center center","background-size":"auto","background-attachment":"scroll","background-type":"","background-media":"","overlay-type":"","overlay-color":"","overlay-opacity":"","overlay-gradient":""},"tablet":{"background-color":"","background-image":"","background-repeat":"repeat","background-position":"center center","background-size":"auto","background-attachment":"scroll","background-type":"","background-media":"","overlay-type":"","overlay-color":"","overlay-opacity":"","overlay-gradient":""},"mobile":{"background-color":"","background-image":"","background-repeat":"repeat","background-position":"center center","background-size":"auto","background-attachment":"scroll","background-type":"","background-media":"","overlay-type":"","overlay-color":"","overlay-opacity":"","overlay-gradient":""}},"ast-content-background-meta":{"desktop":{"background-color":"var(--ast-global-color-5)","background-image":"","background-repeat":"repeat","background-position":"center center","background-size":"auto","background-attachment":"scroll","background-type":"","background-media":"","overlay-type":"","overlay-color":"","overlay-opacity":"","overlay-gradient":""},"tablet":{"background-color":"var(--ast-global-color-5)","background-image":"","background-repeat":"repeat","background-position":"center center","background-size":"auto","background-attachment":"scroll","background-type":"","background-media":"","overlay-type":"","overlay-color":"","overlay-opacity":"","overlay-gradient":""},"mobile":{"background-color":"var(--ast-global-color-5)","background-image":"","background-repeat":"repeat","background-position":"center center","background-size":"auto","background-attachment":"scroll","background-type":"","background-media":"","overlay-type":"","overlay-color":"","overlay-opacity":"","overlay-gradient":""}},"_joinchat":[],"footnotes":""},"class_list":["post-333","page","type-page","status-publish","hentry"],"yoast_head":"<!-- This site is optimized with the Yoast SEO Premium plugin v21.9 (Yoast SEO v25.3.1) - https:\/\/yoast.com\/wordpress\/plugins\/seo\/ -->\n<title>T\u00e9rminos y condiciones - podaytalasierraverde.cl<\/title>\n<meta name=\"robots\" content=\"index, follow, max-snippet:-1, max-image-preview:large, max-video-preview:-1\" \/>\n<link rel=\"canonical\" href=\"https:\/\/podaytalasierraverde.cl\/?page_id=333\" \/>\n<meta property=\"og:locale\" content=\"es_ES\" \/>\n<meta property=\"og:type\" content=\"article\" \/>\n<meta property=\"og:title\" content=\"T\u00e9rminos y condiciones\" \/>\n<meta property=\"og:description\" content=\"Uso del Sitio: Al acceder y utilizar nuestro sitio web, usted acepta cumplir con estos t\u00e9rminos y condiciones de uso. [&hellip;]\" \/>\n<meta property=\"og:url\" content=\"https:\/\/podaytalasierraverde.cl\/?page_id=333\" \/>\n<meta property=\"og:site_name\" content=\"podaytalasierraverde.cl\" \/>\n<meta property=\"article:modified_time\" content=\"2024-04-14T20:05:46+00:00\" \/>\n<meta name=\"twitter:card\" content=\"summary_large_image\" \/>\n<meta name=\"twitter:label1\" content=\"Tiempo de lectura\" \/>\n\t<meta name=\"twitter:data1\" content=\"2 minutos\" \/>\n<script type=\"application\/ld+json\" class=\"yoast-schema-graph\">{\"@context\":\"https:\/\/schema.org\",\"@graph\":[{\"@type\":\"WebPage\",\"@id\":\"https:\/\/podaytalasierraverde.cl\/?page_id=333\",\"url\":\"https:\/\/podaytalasierraverde.cl\/?page_id=333\",\"name\":\"T\u00e9rminos y condiciones - podaytalasierraverde.cl\",\"isPartOf\":{\"@id\":\"https:\/\/podaytalasierraverde.cl\/#website\"},\"datePublished\":\"2024-04-14T19:51:27+00:00\",\"dateModified\":\"2024-04-14T20:05:46+00:00\",\"breadcrumb\":{\"@id\":\"https:\/\/podaytalasierraverde.cl\/?page_id=333#breadcrumb\"},\"inLanguage\":\"es\",\"potentialAction\":[{\"@type\":\"ReadAction\",\"target\":[\"https:\/\/podaytalasierraverde.cl\/?page_id=333\"]}]},{\"@type\":\"BreadcrumbList\",\"@id\":\"https:\/\/podaytalasierraverde.cl\/?page_id=333#breadcrumb\",\"itemListElement\":[{\"@type\":\"ListItem\",\"position\":1,\"name\":\"Home\",\"item\":\"https:\/\/podaytalasierraverde.cl\/\"},{\"@type\":\"ListItem\",\"position\":2,\"name\":\"T\u00e9rminos y condiciones\"}]},{\"@type\":\"WebSite\",\"@id\":\"https:\/\/podaytalasierraverde.cl\/#website\",\"url\":\"https:\/\/podaytalasierraverde.cl\/\",\"name\":\"podaytalasierraverde.cl\",\"description\":\"\",\"publisher\":{\"@id\":\"https:\/\/podaytalasierraverde.cl\/#organization\"},\"potentialAction\":[{\"@type\":\"SearchAction\",\"target\":{\"@type\":\"EntryPoint\",\"urlTemplate\":\"https:\/\/podaytalasierraverde.cl\/?s={search_term_string}\"},\"query-input\":{\"@type\":\"PropertyValueSpecification\",\"valueRequired\":true,\"valueName\":\"search_term_string\"}}],\"inLanguage\":\"es\"},{\"@type\":\"Organization\",\"@id\":\"https:\/\/podaytalasierraverde.cl\/#organization\",\"name\":\"podaytalasierraverde.cl\",\"url\":\"https:\/\/podaytalasierraverde.cl\/\",\"logo\":{\"@type\":\"ImageObject\",\"inLanguage\":\"es\",\"@id\":\"https:\/\/podaytalasierraverde.cl\/#\/schema\/logo\/image\/\",\"url\":\"https:\/\/podaytalasierraverde.cl\/wp-content\/uploads\/2024\/03\/cropped-logo_de_sierraverde-removebg-preview.png\",\"contentUrl\":\"https:\/\/podaytalasierraverde.cl\/wp-content\/uploads\/2024\/03\/cropped-logo_de_sierraverde-removebg-preview.png\",\"width\":499,\"height\":168,\"caption\":\"podaytalasierraverde.cl\"},\"image\":{\"@id\":\"https:\/\/podaytalasierraverde.cl\/#\/schema\/logo\/image\/\"}}]}<\/script>\n<!-- \/ Yoast SEO Premium plugin. -->","yoast_head_json":{"title":"T\u00e9rminos y condiciones - podaytalasierraverde.cl","robots":{"index":"index","follow":"follow","max-snippet":"max-snippet:-1","max-image-preview":"max-image-preview:large","max-video-preview":"max-video-preview:-1"},"canonical":"https:\/\/podaytalasierraverde.cl\/?page_id=333","og_locale":"es_ES","og_type":"article","og_title":"T\u00e9rminos y condiciones","og_description":"Uso del Sitio: Al acceder y utilizar nuestro sitio web, usted acepta cumplir con estos t\u00e9rminos y condiciones de uso. [&hellip;]","og_url":"https:\/\/podaytalasierraverde.cl\/?page_id=333","og_site_name":"podaytalasierraverde.cl","article_modified_time":"2024-04-14T20:05:46+00:00","twitter_card":"summary_large_image","twitter_misc":{"Tiempo de lectura":"2 minutos"},"schema":{"@context":"https:\/\/schema.org","@graph":[{"@type":"WebPage","@id":"https:\/\/podaytalasierraverde.cl\/?page_id=333","url":"https:\/\/podaytalasierraverde.cl\/?page_id=333","name":"T\u00e9rminos y condiciones - podaytalasierraverde.cl","isPartOf":{"@id":"https:\/\/podaytalasierraverde.cl\/#website"},"datePublished":"2024-04-14T19:51:27+00:00","dateModified":"2024-04-14T20:05:46+00:00","breadcrumb":{"@id":"https:\/\/podaytalasierraverde.cl\/?page_id=333#breadcrumb"},"inLanguage":"es","potentialAction":[{"@type":"ReadAction","target":["https:\/\/podaytalasierraverde.cl\/?page_id=333"]}]},{"@type":"BreadcrumbList","@id":"https:\/\/podaytalasierraverde.cl\/?page_id=333#breadcrumb","itemListElement":[{"@type":"ListItem","position":1,"name":"Home","item":"https:\/\/podaytalasierraverde.cl\/"},{"@type":"ListItem","position":2,"name":"T\u00e9rminos y condiciones"}]},{"@type":"WebSite","@id":"https:\/\/podaytalasierraverde.cl\/#website","url":"https:\/\/podaytalasierraverde.cl\/","name":"podaytalasierraverde.cl","description":"","publisher":{"@id":"https:\/\/podaytalasierraverde.cl\/#organization"},"potentialAction":[{"@type":"SearchAction","target":{"@type":"EntryPoint","urlTemplate":"https:\/\/podaytalasierraverde.cl\/?s={search_term_string}"},"query-input":{"@type":"PropertyValueSpecification","valueRequired":true,"valueName":"search_term_string"}}],"inLanguage":"es"},{"@type":"Organization","@id":"https:\/\/podaytalasierraverde.cl\/#organization","name":"podaytalasierraverde.cl","url":"https:\/\/podaytalasierraverde.cl\/","logo":{"@type":"ImageObject","inLanguage":"es","@id":"https:\/\/podaytalasierraverde.cl\/#\/schema\/logo\/image\/","url":"https:\/\/podaytalasierraverde.cl\/wp-content\/uploads\/2024\/03\/cropped-logo_de_sierraverde-removebg-preview.png","contentUrl":"https:\/\/podaytalasierraverde.cl\/wp-content\/uploads\/2024\/03\/cropped-logo_de_sierraverde-removebg-preview.png","width":499,"height":168,"caption":"podaytalasierraverde.cl"},"image":{"@id":"https:\/\/podaytalasierraverde.cl\/#\/schema\/logo\/image\/"}}]}},"_links":{"self":[{"href":"https:\/\/podaytalasierraverde.cl\/index.php?rest_route=\/wp\/v2\/pages\/333"}],"collection":[{"href":"https:\/\/podaytalasierraverde.cl\/index.php?rest_route=\/wp\/v2\/pages"}],"about":[{"href":"https:\/\/podaytalasierraverde.cl\/index.php?rest_route=\/wp\/v2\/types\/page"}],"author":[{"embeddable":true,"href":"https:\/\/podaytalasierraverde.cl\/index.php?rest_route=\/wp\/v2\/users\/2"}],"replies":[{"embeddable":true,"href":"https:\/\/podaytalasierraverde.cl\/index.php?rest_route=%2Fwp%2Fv2%2Fcomments&post=333"}],"version-history":[{"count":7,"href":"https:\/\/podaytalasierraverde.cl\/index.php?rest_route=\/wp\/v2\/pages\/333\/revisions"}],"predecessor-version":[{"id":348,"href":"https:\/\/podaytalasierraverde.cl\/index.php?rest_route=\/wp\/v2\/pages\/333\/revisions\/348"}],"wp:attachment":[{"href":"https:\/\/podaytalasierraverde.cl\/index.php?rest_route=%2Fwp%2Fv2%2Fmedia&parent=333"}],"curies":[{"name":"wp","href":"https:\/\/api.w.org\/{rel}","templated":true}]}}