{"id":336,"date":"2024-04-14T21:53:59","date_gmt":"2024-04-14T19:53:59","guid":{"rendered":"https:\/\/podaytalasierraverde.cl\/?page_id=336"},"modified":"2024-04-14T22:05:19","modified_gmt":"2024-04-14T20:05:19","slug":"politica-de-privacidad","status":"publish","type":"page","link":"https:\/\/podaytalasierraverde.cl\/?page_id=336","title":{"rendered":"Pol\u00edtica de Privacidad"},"content":{"rendered":"\t\t<div data-elementor-type=\"wp-page\" data-elementor-id=\"336\" class=\"elementor elementor-336\" data-elementor-post-type=\"page\">\n\t\t\t\t<div class=\"elementor-element elementor-element-667f3ca4 e-flex e-con-boxed e-con e-parent\" data-id=\"667f3ca4\" data-element_type=\"container\" data-e-type=\"container\">\n\t\t\t\t\t<div class=\"e-con-inner\">\n\t\t\t\t<div class=\"elementor-element elementor-element-2f15f8b5 elementor-widget elementor-widget-text-editor\" data-id=\"2f15f8b5\" data-element_type=\"widget\" data-e-type=\"widget\" data-widget_type=\"text-editor.default\">\n\t\t\t\t<div class=\"elementor-widget-container\">\n\t\t\t\t\t\t\t\t\t<p><\/p>\n<p><strong>Privacidad en l\u00ednea:<\/strong> Bienvenido a nuestro sitio web. Esta pol\u00edtica de privacidad explica c\u00f3mo recopilamos, usamos, compartimos y protegemos la informaci\u00f3n personal que recopilamos sobre usted cuando visita nuestro sitio web <a href=\"https:\/\/podaytalasierraverde.cl\/\">https:\/\/podaytalasierraverde.cl<\/a> (en adelante, \u00abel Sitio\u00bb). Al utilizar el Sitio, usted acepta los t\u00e9rminos y condiciones de esta pol\u00edtica de privacidad.<\/p>\n<p><\/p>\n<p><\/p>\n<p><strong>Recopilaci\u00f3n de informaci\u00f3n:<\/strong> Recopilamos informaci\u00f3n personal que usted nos proporciona voluntariamente a trav\u00e9s de formularios de contacto en nuestro sitio web, como su nombre, direcci\u00f3n de correo electr\u00f3nico y n\u00famero de tel\u00e9fono. Tambi\u00e9n podemos recopilar informaci\u00f3n autom\u00e1ticamente a trav\u00e9s de cookies y tecnolog\u00edas similares cuando navega por nuestro Sitio.<\/p>\n<p><\/p>\n<p><\/p>\n<p><strong>Uso de la informaci\u00f3n:<\/strong> Utilizamos la informaci\u00f3n personal que recopilamos para responder a sus consultas y proporcionarle informaci\u00f3n sobre nuestros servicios. No compartiremos su informaci\u00f3n personal con terceros sin su consentimiento, excepto cuando sea necesario para cumplir con la ley o proteger nuestros derechos.<\/p>\n<p><\/p>\n<p><\/p>\n<p><strong>Seguridad de la informaci\u00f3n:<\/strong> Nos esforzamos por proteger la seguridad de su informaci\u00f3n personal utilizando medidas de seguridad t\u00e9cnicas y organizativas adecuadas. Sin embargo, tenga en cuenta que ninguna transmisi\u00f3n de datos por Internet o m\u00e9todo de almacenamiento electr\u00f3nico es 100% seguro.<\/p>\n<p><\/p>\n<p><\/p>\n<p><strong>Cambios en la pol\u00edtica de privacidad:<\/strong> Nos reservamos el derecho de actualizar esta pol\u00edtica de privacidad en cualquier momento. Se publicar\u00e1 una versi\u00f3n actualizada en nuestro Sitio con la fecha de revisi\u00f3n m\u00e1s reciente.<\/p>\n<p><\/p>\t\t\t\t\t\t\t\t<\/div>\n\t\t\t\t<\/div>\n\t\t\t\t\t<\/div>\n\t\t\t\t<\/div>\n\t\t\t\t<\/div>\n\t\t","protected":false},"excerpt":{"rendered":"<p>Privacidad en l\u00ednea: Bienvenido a nuestro sitio web. Esta pol\u00edtica de privacidad explica c\u00f3mo recopilamos, usamos, compartimos y protegemos la [&hellip;]<\/p>\n","protected":false},"author":2,"featured_media":0,"parent":0,"menu_order":0,"comment_status":"closed","ping_status":"closed","template":"","meta":{"site-sidebar-layout":"default","site-content-layout":"","ast-site-content-layout":"default","site-content-style":"default","site-sidebar-style":"default","ast-global-header-display":"","ast-banner-title-visibility":"","ast-main-header-display":"","ast-hfb-above-header-display":"","ast-hfb-below-header-display":"","ast-hfb-mobile-header-display":"","site-post-title":"","ast-breadcrumbs-content":"","ast-featured-img":"","footer-sml-layout":"","ast-disable-related-posts":"","theme-transparent-header-meta":"","adv-header-id-meta":"","stick-header-meta":"","header-above-stick-meta":"","header-main-stick-meta":"","header-below-stick-meta":"","astra-migrate-meta-layouts":"default","ast-page-background-enabled":"default","ast-page-background-meta":{"desktop":{"background-color":"var(--ast-global-color-4)","background-image":"","background-repeat":"repeat","background-position":"center center","background-size":"auto","background-attachment":"scroll","background-type":"","background-media":"","overlay-type":"","overlay-color":"","overlay-opacity":"","overlay-gradient":""},"tablet":{"background-color":"","background-image":"","background-repeat":"repeat","background-position":"center center","background-size":"auto","background-attachment":"scroll","background-type":"","background-media":"","overlay-type":"","overlay-color":"","overlay-opacity":"","overlay-gradient":""},"mobile":{"background-color":"","background-image":"","background-repeat":"repeat","background-position":"center center","background-size":"auto","background-attachment":"scroll","background-type":"","background-media":"","overlay-type":"","overlay-color":"","overlay-opacity":"","overlay-gradient":""}},"ast-content-background-meta":{"desktop":{"background-color":"var(--ast-global-color-5)","background-image":"","background-repeat":"repeat","background-position":"center center","background-size":"auto","background-attachment":"scroll","background-type":"","background-media":"","overlay-type":"","overlay-color":"","overlay-opacity":"","overlay-gradient":""},"tablet":{"background-color":"var(--ast-global-color-5)","background-image":"","background-repeat":"repeat","background-position":"center center","background-size":"auto","background-attachment":"scroll","background-type":"","background-media":"","overlay-type":"","overlay-color":"","overlay-opacity":"","overlay-gradient":""},"mobile":{"background-color":"var(--ast-global-color-5)","background-image":"","background-repeat":"repeat","background-position":"center center","background-size":"auto","background-attachment":"scroll","background-type":"","background-media":"","overlay-type":"","overlay-color":"","overlay-opacity":"","overlay-gradient":""}},"_joinchat":[],"footnotes":""},"class_list":["post-336","page","type-page","status-publish","hentry"],"yoast_head":"<!-- This site is optimized with the Yoast SEO Premium plugin v21.9 (Yoast SEO v25.3.1) - https:\/\/yoast.com\/wordpress\/plugins\/seo\/ -->\n<title>Pol\u00edtica de Privacidad - podaytalasierraverde.cl<\/title>\n<meta name=\"robots\" content=\"index, follow, max-snippet:-1, max-image-preview:large, max-video-preview:-1\" \/>\n<link rel=\"canonical\" href=\"https:\/\/podaytalasierraverde.cl\/?page_id=336\" \/>\n<meta property=\"og:locale\" content=\"es_ES\" \/>\n<meta property=\"og:type\" content=\"article\" \/>\n<meta property=\"og:title\" content=\"Pol\u00edtica de Privacidad\" \/>\n<meta property=\"og:description\" content=\"Privacidad en l\u00ednea: Bienvenido a nuestro sitio web. Esta pol\u00edtica de privacidad explica c\u00f3mo recopilamos, usamos, compartimos y protegemos la [&hellip;]\" \/>\n<meta property=\"og:url\" content=\"https:\/\/podaytalasierraverde.cl\/?page_id=336\" \/>\n<meta property=\"og:site_name\" content=\"podaytalasierraverde.cl\" \/>\n<meta property=\"article:modified_time\" content=\"2024-04-14T20:05:19+00:00\" \/>\n<meta name=\"twitter:card\" content=\"summary_large_image\" \/>\n<meta name=\"twitter:label1\" content=\"Tiempo de lectura\" \/>\n\t<meta name=\"twitter:data1\" content=\"2 minutos\" \/>\n<script type=\"application\/ld+json\" class=\"yoast-schema-graph\">{\"@context\":\"https:\/\/schema.org\",\"@graph\":[{\"@type\":\"WebPage\",\"@id\":\"https:\/\/podaytalasierraverde.cl\/?page_id=336\",\"url\":\"https:\/\/podaytalasierraverde.cl\/?page_id=336\",\"name\":\"Pol\u00edtica de Privacidad - podaytalasierraverde.cl\",\"isPartOf\":{\"@id\":\"https:\/\/podaytalasierraverde.cl\/#website\"},\"datePublished\":\"2024-04-14T19:53:59+00:00\",\"dateModified\":\"2024-04-14T20:05:19+00:00\",\"breadcrumb\":{\"@id\":\"https:\/\/podaytalasierraverde.cl\/?page_id=336#breadcrumb\"},\"inLanguage\":\"es\",\"potentialAction\":[{\"@type\":\"ReadAction\",\"target\":[\"https:\/\/podaytalasierraverde.cl\/?page_id=336\"]}]},{\"@type\":\"BreadcrumbList\",\"@id\":\"https:\/\/podaytalasierraverde.cl\/?page_id=336#breadcrumb\",\"itemListElement\":[{\"@type\":\"ListItem\",\"position\":1,\"name\":\"Home\",\"item\":\"https:\/\/podaytalasierraverde.cl\/\"},{\"@type\":\"ListItem\",\"position\":2,\"name\":\"Pol\u00edtica de Privacidad\"}]},{\"@type\":\"WebSite\",\"@id\":\"https:\/\/podaytalasierraverde.cl\/#website\",\"url\":\"https:\/\/podaytalasierraverde.cl\/\",\"name\":\"podaytalasierraverde.cl\",\"description\":\"\",\"publisher\":{\"@id\":\"https:\/\/podaytalasierraverde.cl\/#organization\"},\"potentialAction\":[{\"@type\":\"SearchAction\",\"target\":{\"@type\":\"EntryPoint\",\"urlTemplate\":\"https:\/\/podaytalasierraverde.cl\/?s={search_term_string}\"},\"query-input\":{\"@type\":\"PropertyValueSpecification\",\"valueRequired\":true,\"valueName\":\"search_term_string\"}}],\"inLanguage\":\"es\"},{\"@type\":\"Organization\",\"@id\":\"https:\/\/podaytalasierraverde.cl\/#organization\",\"name\":\"podaytalasierraverde.cl\",\"url\":\"https:\/\/podaytalasierraverde.cl\/\",\"logo\":{\"@type\":\"ImageObject\",\"inLanguage\":\"es\",\"@id\":\"https:\/\/podaytalasierraverde.cl\/#\/schema\/logo\/image\/\",\"url\":\"https:\/\/podaytalasierraverde.cl\/wp-content\/uploads\/2024\/03\/cropped-logo_de_sierraverde-removebg-preview.png\",\"contentUrl\":\"https:\/\/podaytalasierraverde.cl\/wp-content\/uploads\/2024\/03\/cropped-logo_de_sierraverde-removebg-preview.png\",\"width\":499,\"height\":168,\"caption\":\"podaytalasierraverde.cl\"},\"image\":{\"@id\":\"https:\/\/podaytalasierraverde.cl\/#\/schema\/logo\/image\/\"}}]}<\/script>\n<!-- \/ Yoast SEO Premium plugin. -->","yoast_head_json":{"title":"Pol\u00edtica de Privacidad - podaytalasierraverde.cl","robots":{"index":"index","follow":"follow","max-snippet":"max-snippet:-1","max-image-preview":"max-image-preview:large","max-video-preview":"max-video-preview:-1"},"canonical":"https:\/\/podaytalasierraverde.cl\/?page_id=336","og_locale":"es_ES","og_type":"article","og_title":"Pol\u00edtica de Privacidad","og_description":"Privacidad en l\u00ednea: Bienvenido a nuestro sitio web. Esta pol\u00edtica de privacidad explica c\u00f3mo recopilamos, usamos, compartimos y protegemos la [&hellip;]","og_url":"https:\/\/podaytalasierraverde.cl\/?page_id=336","og_site_name":"podaytalasierraverde.cl","article_modified_time":"2024-04-14T20:05:19+00:00","twitter_card":"summary_large_image","twitter_misc":{"Tiempo de lectura":"2 minutos"},"schema":{"@context":"https:\/\/schema.org","@graph":[{"@type":"WebPage","@id":"https:\/\/podaytalasierraverde.cl\/?page_id=336","url":"https:\/\/podaytalasierraverde.cl\/?page_id=336","name":"Pol\u00edtica de Privacidad - podaytalasierraverde.cl","isPartOf":{"@id":"https:\/\/podaytalasierraverde.cl\/#website"},"datePublished":"2024-04-14T19:53:59+00:00","dateModified":"2024-04-14T20:05:19+00:00","breadcrumb":{"@id":"https:\/\/podaytalasierraverde.cl\/?page_id=336#breadcrumb"},"inLanguage":"es","potentialAction":[{"@type":"ReadAction","target":["https:\/\/podaytalasierraverde.cl\/?page_id=336"]}]},{"@type":"BreadcrumbList","@id":"https:\/\/podaytalasierraverde.cl\/?page_id=336#breadcrumb","itemListElement":[{"@type":"ListItem","position":1,"name":"Home","item":"https:\/\/podaytalasierraverde.cl\/"},{"@type":"ListItem","position":2,"name":"Pol\u00edtica de Privacidad"}]},{"@type":"WebSite","@id":"https:\/\/podaytalasierraverde.cl\/#website","url":"https:\/\/podaytalasierraverde.cl\/","name":"podaytalasierraverde.cl","description":"","publisher":{"@id":"https:\/\/podaytalasierraverde.cl\/#organization"},"potentialAction":[{"@type":"SearchAction","target":{"@type":"EntryPoint","urlTemplate":"https:\/\/podaytalasierraverde.cl\/?s={search_term_string}"},"query-input":{"@type":"PropertyValueSpecification","valueRequired":true,"valueName":"search_term_string"}}],"inLanguage":"es"},{"@type":"Organization","@id":"https:\/\/podaytalasierraverde.cl\/#organization","name":"podaytalasierraverde.cl","url":"https:\/\/podaytalasierraverde.cl\/","logo":{"@type":"ImageObject","inLanguage":"es","@id":"https:\/\/podaytalasierraverde.cl\/#\/schema\/logo\/image\/","url":"https:\/\/podaytalasierraverde.cl\/wp-content\/uploads\/2024\/03\/cropped-logo_de_sierraverde-removebg-preview.png","contentUrl":"https:\/\/podaytalasierraverde.cl\/wp-content\/uploads\/2024\/03\/cropped-logo_de_sierraverde-removebg-preview.png","width":499,"height":168,"caption":"podaytalasierraverde.cl"},"image":{"@id":"https:\/\/podaytalasierraverde.cl\/#\/schema\/logo\/image\/"}}]}},"_links":{"self":[{"href":"https:\/\/podaytalasierraverde.cl\/index.php?rest_route=\/wp\/v2\/pages\/336"}],"collection":[{"href":"https:\/\/podaytalasierraverde.cl\/index.php?rest_route=\/wp\/v2\/pages"}],"about":[{"href":"https:\/\/podaytalasierraverde.cl\/index.php?rest_route=\/wp\/v2\/types\/page"}],"author":[{"embeddable":true,"href":"https:\/\/podaytalasierraverde.cl\/index.php?rest_route=\/wp\/v2\/users\/2"}],"replies":[{"embeddable":true,"href":"https:\/\/podaytalasierraverde.cl\/index.php?rest_route=%2Fwp%2Fv2%2Fcomments&post=336"}],"version-history":[{"count":4,"href":"https:\/\/podaytalasierraverde.cl\/index.php?rest_route=\/wp\/v2\/pages\/336\/revisions"}],"predecessor-version":[{"id":345,"href":"https:\/\/podaytalasierraverde.cl\/index.php?rest_route=\/wp\/v2\/pages\/336\/revisions\/345"}],"wp:attachment":[{"href":"https:\/\/podaytalasierraverde.cl\/index.php?rest_route=%2Fwp%2Fv2%2Fmedia&parent=336"}],"curies":[{"name":"wp","href":"https:\/\/api.w.org\/{rel}","templated":true}]}}